{"id":16579,"date":"2026-02-26T19:19:15","date_gmt":"2026-02-26T19:19:15","guid":{"rendered":"https:\/\/patronesdecabotaje.org.ar\/patrones\/?page_id=16579"},"modified":"2026-02-26T19:24:57","modified_gmt":"2026-02-26T19:24:57","slug":"inscripcion","status":"publish","type":"page","link":"https:\/\/patronesdecabotaje.org.ar\/patrones\/inscripcion\/","title":{"rendered":"inscripci\u00f3n"},"content":{"rendered":"\n<p class=\"has-luminous-vivid-amber-background-color has-background\">Cursos de Ingl\u00e9s t\u00e9cnico profesional 100% virtual para afiliadas\/os del centro de patrones. Todos los niveles. Prof. Paula D. Cava<\/p>\n\n\n<div class=\"frm_forms  with_frm_style frm_style_estilos-formidable\" id=\"frm_form_5_container\" data-token=\"efd0495d547835f995d7d2ce4c275126\">\n<form enctype=\"multipart\/form-data\" method=\"post\" class=\"frm-show-form  frm_pro_form \" id=\"form_cursodeingles\"  data-token=\"efd0495d547835f995d7d2ce4c275126\">\n<div class=\"frm_form_fields \">\n<fieldset>\n<legend class=\"frm_screen_reader\">Curso de Ingles pre-registro<\/legend>\r\n\r\n<div class=\"frm_fields_container\">\n<input type=\"hidden\" name=\"frm_action\" value=\"create\" \/>\n<input type=\"hidden\" name=\"form_id\" value=\"5\" \/>\n<input type=\"hidden\" name=\"frm_hide_fields_5\" id=\"frm_hide_fields_5\" value=\"\" \/>\n<input type=\"hidden\" name=\"form_key\" value=\"cursodeingles\" \/>\n<input type=\"hidden\" name=\"item_meta[0]\" value=\"\" \/>\n<input type=\"hidden\" id=\"frm_submit_entry_5\" name=\"frm_submit_entry_5\" value=\"34b2674a23\" \/><input type=\"hidden\" name=\"_wp_http_referer\" value=\"\/patrones\/wp-json\/wp\/v2\/pages\/16579\" \/><div id=\"frm_field_47_container\" class=\"frm_form_field form-field  frm_required_field frm_top_container frm6 frm_first\">\r\n    <label for=\"field_ncafp\" id=\"field_ncafp_label\" class=\"frm_primary_label\">Nombre y Apellido\r\n        <span class=\"frm_required\" aria-hidden=\"true\">*<\/span>\r\n    <\/label>\r\n    <input type=\"text\" id=\"field_ncafp\" name=\"item_meta[47]\" value=\"\"  data-reqmsg=\"Este campo no puede estar en blanco.\" aria-required=\"true\" data-invmsg=\"Texto no es v\u00e1lido\" aria-invalid=\"false\"  \/>\r\n    \r\n    \r\n<\/div>\n<div id=\"frm_field_51_container\" class=\"frm_form_field form-field  frm_required_field frm_top_container frm6\">\n    <label for=\"field_2kmab\" id=\"field_2kmab_label\" class=\"frm_primary_label\">Correo electr\u00f3nico\n        <span class=\"frm_required\" aria-hidden=\"true\">*<\/span>\n    <\/label>\n    <input type=\"email\" id=\"field_2kmab\" name=\"item_meta[51]\" value=\"\"  data-reqmsg=\"Este campo no puede estar en blanco.\" aria-required=\"true\" data-invmsg=\"Correo electr\u00f3nico no es v\u00e1lido\" aria-invalid=\"false\"  \/>\n    \n    \n<\/div>\n<div id=\"frm_field_49_container\" class=\"frm_form_field form-field  frm_required_field frm_top_container frm6 frm_first\">\r\n    <label for=\"field_bkub8\" id=\"field_bkub8_label\" class=\"frm_primary_label\">DNI\r\n        <span class=\"frm_required\" aria-hidden=\"true\">*<\/span>\r\n    <\/label>\r\n    <input type=\"text\" id=\"field_bkub8\" name=\"item_meta[49]\" value=\"\"  data-reqmsg=\"Este campo no puede estar en blanco.\" aria-required=\"true\" data-invmsg=\"Texto no es v\u00e1lido\" aria-invalid=\"false\"  \/>\r\n    \r\n    \r\n<\/div>\n<div id=\"frm_field_50_container\" class=\"frm_form_field form-field  frm_required_field frm_top_container frm6\">\r\n    <label for=\"field_row9n\" id=\"field_row9n_label\" class=\"frm_primary_label\">N\u00b0 De Socio\r\n        <span class=\"frm_required\" aria-hidden=\"true\">*<\/span>\r\n    <\/label>\r\n    <input type=\"text\" id=\"field_row9n\" name=\"item_meta[50]\" value=\"\"  data-reqmsg=\"Este campo no puede estar en blanco.\" aria-required=\"true\" data-invmsg=\"Texto no es v\u00e1lido\" aria-invalid=\"false\"  \/>\r\n    \r\n    \r\n<\/div>\n<div id=\"frm_field_138_container\" class=\"frm_form_field form-field  frm_required_field frm_top_container\">\n    <label for=\"field_nrm4e\" id=\"field_nrm4e_label\" class=\"frm_primary_label\">Seleccione el curso al que quiere inscribirse\n        <span class=\"frm_required\" aria-hidden=\"true\">*<\/span>\n    <\/label>\n    \t\t<select name=\"item_meta[138]\" id=\"field_nrm4e\"  data-placeholder=\"Select an option\"  data-reqmsg=\"Este campo no puede estar en blanco.\" aria-required=\"true\" data-invmsg=\"Seleccione el curso al que quiere inscribirse no es v\u00e1lido\" aria-invalid=\"false\"  >\n\t\t<option  value=\"\" selected='selected'> <\/option><option  value=\"Introducci\u00f3n a la Seguridad y Emergencias a bordo\">Introducci\u00f3n a la Seguridad y Emergencias a bordo<\/option><option  value=\"Ingl\u00e9s T\u00e9cnico para la Navegaci\u00f3n\">Ingl\u00e9s T\u00e9cnico para la Navegaci\u00f3n<\/option><option  value=\"Historia del Comercio Mar\u00edtimo-Fluvial\">Historia del Comercio Mar\u00edtimo-Fluvial<\/option><option  value=\"Aprender Ingl\u00e9s a trav\u00e9s de la m\u00fasica y relatos n\u00e1uticos\">Aprender Ingl\u00e9s a trav\u00e9s de la m\u00fasica y relatos n\u00e1uticos<\/option>\t<\/select>\n\t\n    \n    \n<\/div>\n\t<input type=\"hidden\" name=\"item_key\" value=\"\" \/>\n\t\t\t\t<div class=\"frm_verify\" aria-hidden=\"true\">\n\t\t\t\t<label for=\"frm_email_5\">\n\t\t\t\t\tSi eres humano, deja este campo en blanco.\t\t\t\t<\/label>\n\t\t\t\t<input type=\"text\" class=\"frm_verify\" id=\"frm_email_5\" name=\"frm_verify\" value=\"\"  \/>\n\t\t\t<\/div>\n\t\t<div class=\"frm_submit\">\r\n\r\n<button class=\"frm_button_submit frm_final_submit\" type=\"submit\"   formnovalidate=\"formnovalidate\">Enviar<\/button>\r\n\r\n\r\n<\/div><\/div>\n<\/fieldset>\n<\/div>\n<\/form>\n<\/div>\n\n\n\n\n<p>Dictados por la docente Paula D. Cava, est\u00e1n pensados para que puedas capacitarte a tu ritmo, desde cualquier punto del pa\u00eds. \u00a1No necesit\u00e1s conectarte en un horario fijo!<\/p>\n\n\n\n<p>9\/2\/26 al 9\/3\/26 Per\u00edodo de Inscripci\u00f3n a Cursos del 1\u00b0 Cuatrimestre 2026<br>9\/3\/26 Inicio de Cursos del 1\u00b0 Cuatrimestre 2026<\/p>\n\n\n\n<p>Modalidad: 100% virtual \u2013 con material te\u00f3rico y pr\u00e1ctico incluido<br>Certificaci\u00f3n oficial para quienes completen y aprueben el curso + examen final integrador.<\/p>\n\n\n\n<p>Cursos disponibles:<\/p>\n\n\n\n<figure class=\"wp-block-table\"><table class=\"has-fixed-layout\"><tbody><tr><td><strong>1\u00b0 Cuatrimestre 2026<\/strong><strong>&nbsp;(9\/3 al 5\/7)<\/strong><\/td><td><strong><u>Curso 1:<\/u><\/strong><strong> \u201cIntroduction to Grammar and Technical English\u201d (Biling\u00fce-Nivel 0)<\/strong>(<em>Introducci\u00f3n a la Gram\u00e1tica y el Ingl\u00e9s T\u00e9cnico)<\/em><strong><u>Curso 2:<\/u><\/strong> <strong><em>\u201c<\/em><\/strong><strong>Communication on Board: Listening &amp; Speaking Skills\u201d&nbsp; (MULTINIVEL)<\/strong>&nbsp;&nbsp;&nbsp;&nbsp;&nbsp;&nbsp;&nbsp;&nbsp;&nbsp;&nbsp;&nbsp;&nbsp;&nbsp;&nbsp;&nbsp;&nbsp;&nbsp;&nbsp;&nbsp;&nbsp;&nbsp;&nbsp;&nbsp;&nbsp;&nbsp;&nbsp;&nbsp;&nbsp;&nbsp;&nbsp; &nbsp;&nbsp;&nbsp;&nbsp;&nbsp;&nbsp;&nbsp;&nbsp;&nbsp;&nbsp;&nbsp;&nbsp;&nbsp;&nbsp;&nbsp;&nbsp;&nbsp;&nbsp;&nbsp;&nbsp;&nbsp;&nbsp;<strong><em>(<\/em><\/strong><em>Comunicaci\u00f3n a Bordo: Habilidades de Comprensi\u00f3n Auditiva y Expresi\u00f3n Oral)<\/em><\/td><\/tr><\/tbody><\/table><\/figure>\n\n\n\n<figure class=\"wp-block-table\"><table class=\"has-fixed-layout\"><tbody><tr><td><strong>Curso intensivo de Invierno <\/strong><strong>-Bimestral- (6\/7 al 31\/7)<\/strong><\/td><td><strong>Curso Bimestral: \u201cIntroduction to Security and Emergency on board\u201d (MULTINIVEL)<\/strong><em>(Introducci\u00f3n a la Seguridad y Emergencias a bordo)<\/em><\/td><\/tr><\/tbody><\/table><\/figure>\n\n\n\n<figure class=\"wp-block-table\"><table class=\"has-fixed-layout\"><tbody><tr><td><strong>2\u00b0 Cuatrimestre 2026<\/strong><strong>(3\/8 al 21\/12)<\/strong><\/td><td><strong><u>Curso 1:<\/u><\/strong><strong> \u201cTechnical English for Navigation\u201d (MULTINIVEL)<\/strong><em>(Ingl\u00e9s T\u00e9cnico para la Navegaci\u00f3n)<\/em><strong><u>Curso 2<\/u><\/strong><strong>:&nbsp; \u201cHistory of&nbsp; Sea and River Trade\u201c (MULTINIVEL)<\/strong><em>(Historia del Comercio Mar\u00edtimo-Fluvial)<\/em><\/td><\/tr><\/tbody><\/table><\/figure>\n\n\n\n<figure class=\"wp-block-table\"><table class=\"has-fixed-layout\"><tbody><tr><td><strong>Curso Intensivo de Verano &nbsp;<\/strong><strong>-Bimestral-<\/strong><strong>4\/1\/27 al 6\/3\/27<\/strong><\/td><td><strong>Curso Bimestral: \u201cLearning English through Nautical Music and Stories\u201d (MULTINIVEL)<\/strong><em>(Aprender Ingl\u00e9s a trav\u00e9s de la m\u00fasica y relatos n\u00e1uticos)<\/em><\/td><\/tr><\/tbody><\/table><\/figure>\n\n\n\n<p>\u00a1Formate en ingl\u00e9s t\u00e9cnico y profesionaliz\u00e1 tu carrera en el sector mar\u00edtimo y fluvial!<\/p>\n","protected":false},"excerpt":{"rendered":"<p>Cursos de Ingl\u00e9s t\u00e9cnico profesional 100% virtual para afiliadas\/os del centro de patrones. Todos los niveles. Prof. Paula D. Cava Dictados por la docente Paula D. Cava, est\u00e1n pensados para que puedas capacitarte a tu ritmo, desde cualquier punto del pa\u00eds. \u00a1No necesit\u00e1s conectarte en un horario fijo! 9\/2\/26 al 9\/3\/26 Per\u00edodo de Inscripci\u00f3n a [&hellip;]<\/p>\n","protected":false},"author":1,"featured_media":0,"parent":0,"menu_order":0,"comment_status":"closed","ping_status":"closed","template":"","meta":{"footnotes":""},"class_list":["post-16579","page","type-page","status-publish","hentry"],"_links":{"self":[{"href":"https:\/\/patronesdecabotaje.org.ar\/patrones\/wp-json\/wp\/v2\/pages\/16579","targetHints":{"allow":["GET"]}}],"collection":[{"href":"https:\/\/patronesdecabotaje.org.ar\/patrones\/wp-json\/wp\/v2\/pages"}],"about":[{"href":"https:\/\/patronesdecabotaje.org.ar\/patrones\/wp-json\/wp\/v2\/types\/page"}],"author":[{"embeddable":true,"href":"https:\/\/patronesdecabotaje.org.ar\/patrones\/wp-json\/wp\/v2\/users\/1"}],"replies":[{"embeddable":true,"href":"https:\/\/patronesdecabotaje.org.ar\/patrones\/wp-json\/wp\/v2\/comments?post=16579"}],"version-history":[{"count":2,"href":"https:\/\/patronesdecabotaje.org.ar\/patrones\/wp-json\/wp\/v2\/pages\/16579\/revisions"}],"predecessor-version":[{"id":16587,"href":"https:\/\/patronesdecabotaje.org.ar\/patrones\/wp-json\/wp\/v2\/pages\/16579\/revisions\/16587"}],"wp:attachment":[{"href":"https:\/\/patronesdecabotaje.org.ar\/patrones\/wp-json\/wp\/v2\/media?parent=16579"}],"curies":[{"name":"wp","href":"https:\/\/api.w.org\/{rel}","templated":true}]}}